{"id":1913,"date":"2022-04-12T09:19:08","date_gmt":"2022-04-12T08:19:08","guid":{"rendered":"https:\/\/www.caraco.it\/web\/?page_id=1913"},"modified":"2022-04-20T17:15:36","modified_gmt":"2022-04-20T16:15:36","slug":"la-teoria-del-cracker","status":"publish","type":"page","link":"https:\/\/www.caraco.it\/web\/it\/teatro\/la-teoria-del-cracker\/","title":{"rendered":"la teoria del cracker"},"content":{"rendered":"\t\t<div data-elementor-type=\"wp-page\" data-elementor-id=\"1913\" class=\"elementor elementor-1913\">\n\t\t\t\t\t\t<section class=\"elementor-section elementor-top-section elementor-element elementor-element-3e747da elementor-section-boxed elementor-section-height-default elementor-section-height-default wpr-particle-no wpr-jarallax-no wpr-parallax-no wpr-sticky-section-no\" data-id=\"3e747da\" data-element_type=\"section\">\n\t\t\t\t\t\t<div class=\"elementor-container elementor-column-gap-default\">\n\t\t\t\t\t<div class=\"elementor-column elementor-col-100 elementor-top-column elementor-element elementor-element-a88d378\" data-id=\"a88d378\" data-element_type=\"column\">\n\t\t\t<div class=\"elementor-widget-wrap elementor-element-populated\">\n\t\t\t\t\t\t<div class=\"elementor-element elementor-element-58d48b9 elementor-widget elementor-widget-image\" data-id=\"58d48b9\" data-element_type=\"widget\" data-widget_type=\"image.default\">\n\t\t\t\t<div class=\"elementor-widget-container\">\n\t\t\t\t\t\t\t\t\t\t\t\t\t\t\t<img decoding=\"async\" width=\"150\" height=\"156\" src=\"https:\/\/www.caraco.it\/web\/wp-content\/uploads\/2022\/03\/logo_caraco_teatro.svg\" class=\"attachment-large size-large wp-image-1130\" alt=\"\" \/>\t\t\t\t\t\t\t\t\t\t\t\t\t\t\t<\/div>\n\t\t\t\t<\/div>\n\t\t\t\t<div class=\"elementor-element elementor-element-081692b elementor-widget-divider--view-line elementor-widget elementor-widget-divider\" data-id=\"081692b\" data-element_type=\"widget\" data-widget_type=\"divider.default\">\n\t\t\t\t<div class=\"elementor-widget-container\">\n\t\t\t\t\t\t\t<div class=\"elementor-divider\">\n\t\t\t<span class=\"elementor-divider-separator\">\n\t\t\t\t\t\t<\/span>\n\t\t<\/div>\n\t\t\t\t\t\t<\/div>\n\t\t\t\t<\/div>\n\t\t\t\t\t<\/div>\n\t\t<\/div>\n\t\t\t\t\t<\/div>\n\t\t<\/section>\n\t\t\t\t<section class=\"elementor-section elementor-top-section elementor-element elementor-element-1bff9de elementor-section-boxed elementor-section-height-default elementor-section-height-default wpr-particle-no wpr-jarallax-no wpr-parallax-no wpr-sticky-section-no\" data-id=\"1bff9de\" data-element_type=\"section\">\n\t\t\t\t\t\t<div class=\"elementor-container elementor-column-gap-default\">\n\t\t\t\t\t<div class=\"elementor-column elementor-col-33 elementor-top-column elementor-element elementor-element-15c649b\" data-id=\"15c649b\" data-element_type=\"column\">\n\t\t\t<div class=\"elementor-widget-wrap elementor-element-populated\">\n\t\t\t\t\t\t<div class=\"elementor-element elementor-element-577b50c elementor-widget elementor-widget-premium-addon-button\" data-id=\"577b50c\" data-element_type=\"widget\" data-widget_type=\"premium-addon-button.default\">\n\t\t\t\t<div class=\"elementor-widget-container\">\n\t\t\t\t\t\r\n\r\n\t\t<a class=\"premium-button premium-button-none premium-btn-sm premium-button-none\">\r\n\t\t\t<div class=\"premium-button-text-icon-wrapper\">\r\n\t\t\t\t\r\n\t\t\t\t\t\t\t\t\t<span >\r\n\t\t\t\t\t\tprosa\t\t\t\t\t<\/span>\r\n\t\t\t\t\r\n\t\t\t\t\t\t\t<\/div>\r\n\r\n\t\t\t\r\n\t\t\t\r\n\t\t\t\r\n\t\t<\/a>\r\n\r\n\r\n\t\t\t\t\t\t<\/div>\n\t\t\t\t<\/div>\n\t\t\t\t<div class=\"elementor-element elementor-element-840368e elementor-widget elementor-widget-heading\" data-id=\"840368e\" data-element_type=\"widget\" data-widget_type=\"heading.default\">\n\t\t\t\t<div class=\"elementor-widget-container\">\n\t\t\t\t\t<h3 class=\"elementor-heading-title elementor-size-default\">La teoria del cracker<\/h3>\t\t\t\t<\/div>\n\t\t\t\t<\/div>\n\t\t\t\t<div class=\"elementor-element elementor-element-2617dc0 elementor-widget elementor-widget-text-editor\" data-id=\"2617dc0\" data-element_type=\"widget\" data-widget_type=\"text-editor.default\">\n\t\t\t\t<div class=\"elementor-widget-container\">\n\t\t\t\t\t\t\t\t\t<p>Produzione Occhisulmondo<\/p><p>Spettacolo vincitore premio Giuria Popolare Tuttoteatro.com, Dante Cappelletti 2017<br \/>Debutto nazionale al Festival Primavera dei Teatri XIX edizione<\/p>\t\t\t\t\t\t\t\t<\/div>\n\t\t\t\t<\/div>\n\t\t\t\t<div class=\"elementor-element elementor-element-17faa41 elementor-widget-divider--view-line elementor-widget elementor-widget-divider\" data-id=\"17faa41\" data-element_type=\"widget\" data-widget_type=\"divider.default\">\n\t\t\t\t<div class=\"elementor-widget-container\">\n\t\t\t\t\t\t\t<div class=\"elementor-divider\">\n\t\t\t<span class=\"elementor-divider-separator\">\n\t\t\t\t\t\t<\/span>\n\t\t<\/div>\n\t\t\t\t\t\t<\/div>\n\t\t\t\t<\/div>\n\t\t\t\t<div class=\"elementor-element elementor-element-226a8f2 elementor-widget elementor-widget-text-editor\" data-id=\"226a8f2\" data-element_type=\"widget\" data-widget_type=\"text-editor.default\">\n\t\t\t\t<div class=\"elementor-widget-container\">\n\t\t\t\t\t\t\t\t\t<p><em>Quando mastichiamo un Cracker, il rumore che percepiamo dentro di noi \u00e8 maggiore rispetto al rumore che sentono le persone che ci sono accanto.<\/em><br \/><em>E cos\u00ec quando proviamo dolore. <\/em><em>(Teoria del Cracker)<\/em><\/p>\t\t\t\t\t\t\t\t<\/div>\n\t\t\t\t<\/div>\n\t\t\t\t<div class=\"elementor-element elementor-element-c104474 elementor-widget elementor-widget-text-editor\" data-id=\"c104474\" data-element_type=\"widget\" data-widget_type=\"text-editor.default\">\n\t\t\t\t<div class=\"elementor-widget-container\">\n\t\t\t\t\t\t\t\t\t<p>In un piccolo paese di 900 abitanti una donna si ammala. <br \/>A pochi passi da l\u00ec, una citt\u00e0 situata nel cuore dell\u2019Italia ha come arterie fabbriche e inceneritori. Si producono nuvole grigie. <br \/>In questo cuore, che batte irregolare, in nove anni si sono ammalati 3736 uomini e 3089 donne. <br \/>\u201c\u00c8 lu bruttu male\u201d, qualcuno dice in giro.<br \/>Una storia di nuvole tossiche e di amianto che coinvolge e sconvolge una nazione, un paese, una famiglia. <br \/>Bisognerebbe, forse, imparare a restare in apnea. Perch\u00e9 respirare non \u00e8 pi\u00f9 cos\u00ec semplice. <br \/>Ambientato in una provincia italiana, una delle quarantaquattro aree inquinate oltre ogni limite di legge, lo spettacolo scava all\u2019interno di una societ\u00e0 apparentemente silente, per far risuonare le urla nascoste di un\u2019umanit\u00e0 ferita. <br \/>Immagini ironiche e spietate che, insieme alle parole dell\u2019insolito narratore, raccontano la storia di un paese, dei suoi abitanti e di una donna che, come <span style=\"font-weight: 400;\">altr\u01dd<\/span>, camminava e respirava sotto un cielo ricoperto da nuvole grigie. <br \/>La Teoria del cracker \u00e8 un pugno stretto pieno di rabbia e poesia che, con violenta intensit\u00e0, sbriciola tutto, lasciando tracce di un inno di-sperato alla vita.<\/p>\t\t\t\t\t\t\t\t<\/div>\n\t\t\t\t<\/div>\n\t\t\t\t<div class=\"elementor-element elementor-element-1693c89 elementor-widget-divider--view-line elementor-widget elementor-widget-divider\" data-id=\"1693c89\" data-element_type=\"widget\" data-widget_type=\"divider.default\">\n\t\t\t\t<div class=\"elementor-widget-container\">\n\t\t\t\t\t\t\t<div class=\"elementor-divider\">\n\t\t\t<span class=\"elementor-divider-separator\">\n\t\t\t\t\t\t<\/span>\n\t\t<\/div>\n\t\t\t\t\t\t<\/div>\n\t\t\t\t<\/div>\n\t\t\t\t<div class=\"elementor-element elementor-element-8493094 elementor-widget elementor-widget-text-editor\" data-id=\"8493094\" data-element_type=\"widget\" data-widget_type=\"text-editor.default\">\n\t\t\t\t<div class=\"elementor-widget-container\">\n\t\t\t\t\t\t\t\t\t<p>con<br \/>Daniele Aureli<\/p><p>primo spettatore<br \/>Massimiliano Burini<\/p><p>dramaturg<br \/>Giusi De Santis<\/p><p>assistenza alla regia<br \/>Amedeo Carlo Capitanelli<br \/>Matteo Svolacchia<\/p><p>cura del suono<br \/>Nicola \u201cFumo\u201d Frattegiani<\/p><p>drammaturgia e regia teatrale<br \/>Daniele Aureli<\/p><p>producer<br \/>Elena Marinelli<\/p><p>con il sostegno di<br \/>Fontemaggiore &#8211; Centro di produzione<br \/>Corsia Of &#8211; Centro di Creazione<br \/>Spazio Zut Foligno<br \/>Teatro Thesorieri di Cannara<br \/>Centro Danza Perugia<\/p><p>\u00a0<\/p>\t\t\t\t\t\t\t\t<\/div>\n\t\t\t\t<\/div>\n\t\t\t\t\t<\/div>\n\t\t<\/div>\n\t\t\t\t<div class=\"elementor-column elementor-col-33 elementor-top-column elementor-element elementor-element-d1cbf57\" data-id=\"d1cbf57\" data-element_type=\"column\">\n\t\t\t<div class=\"elementor-widget-wrap\">\n\t\t\t\t\t\t\t<\/div>\n\t\t<\/div>\n\t\t\t\t<div class=\"elementor-column elementor-col-33 elementor-top-column elementor-element elementor-element-2ad3521\" data-id=\"2ad3521\" data-element_type=\"column\">\n\t\t\t<div class=\"elementor-widget-wrap elementor-element-populated\">\n\t\t\t\t\t\t<div class=\"elementor-element elementor-element-6f19075 gallery-spacing-custom elementor-widget elementor-widget-image-gallery\" data-id=\"6f19075\" data-element_type=\"widget\" data-widget_type=\"image-gallery.default\">\n\t\t\t\t<div class=\"elementor-widget-container\">\n\t\t\t\t\t\t\t<div class=\"elementor-image-gallery\">\n\t\t\t<div id='gallery-1' class='gallery galleryid-1913 gallery-columns-3 gallery-size-thumbnail'><figure class='gallery-item'>\n\t\t\t<div class='gallery-icon landscape'>\n\t\t\t\t<a data-elementor-open-lightbox=\"yes\" data-elementor-lightbox-slideshow=\"6f19075\" data-elementor-lightbox-title=\"La teoria del cracker\" data-e-action-hash=\"#elementor-action%3Aaction%3Dlightbox%26settings%3DeyJpZCI6MTkxOCwidXJsIjoiaHR0cHM6XC9cL3d3dy5jYXJhY28uaXRcL3dlYlwvd3AtY29udGVudFwvdXBsb2Fkc1wvMjAyMlwvMDRcL1RFT1JJQS1ERUwtQ1JBQ0tFUjE3LXNjYWxlZC5qcGciLCJzbGlkZXNob3ciOiI2ZjE5MDc1In0%3D\" href='https:\/\/www.caraco.it\/web\/wp-content\/uploads\/2022\/04\/TEORIA-DEL-CRACKER17-scaled.jpg'><img decoding=\"async\" width=\"150\" height=\"150\" src=\"https:\/\/www.caraco.it\/web\/wp-content\/uploads\/2022\/04\/TEORIA-DEL-CRACKER17-150x150.jpg\" class=\"attachment-thumbnail size-thumbnail\" alt=\"\" \/><\/a>\n\t\t\t<\/div><\/figure><figure class='gallery-item'>\n\t\t\t<div class='gallery-icon landscape'>\n\t\t\t\t<a data-elementor-open-lightbox=\"yes\" data-elementor-lightbox-slideshow=\"6f19075\" data-elementor-lightbox-title=\"La teoria del cracker\" data-e-action-hash=\"#elementor-action%3Aaction%3Dlightbox%26settings%3DeyJpZCI6MTkxOSwidXJsIjoiaHR0cHM6XC9cL3d3dy5jYXJhY28uaXRcL3dlYlwvd3AtY29udGVudFwvdXBsb2Fkc1wvMjAyMlwvMDRcL1RFT1JJQS1ERUwtQ1JBQ0tFUl9TY3JlZW5zaG90MTktc2NhbGVkLmpwZyIsInNsaWRlc2hvdyI6IjZmMTkwNzUifQ%3D%3D\" href='https:\/\/www.caraco.it\/web\/wp-content\/uploads\/2022\/04\/TEORIA-DEL-CRACKER_Screenshot19-scaled.jpg'><img decoding=\"async\" width=\"150\" height=\"150\" src=\"https:\/\/www.caraco.it\/web\/wp-content\/uploads\/2022\/04\/TEORIA-DEL-CRACKER_Screenshot19-150x150.jpg\" class=\"attachment-thumbnail size-thumbnail\" alt=\"\" \/><\/a>\n\t\t\t<\/div><\/figure><figure class='gallery-item'>\n\t\t\t<div class='gallery-icon landscape'>\n\t\t\t\t<a data-elementor-open-lightbox=\"yes\" data-elementor-lightbox-slideshow=\"6f19075\" data-elementor-lightbox-title=\"La teoria del cracker\" data-e-action-hash=\"#elementor-action%3Aaction%3Dlightbox%26settings%3DeyJpZCI6MTkyMCwidXJsIjoiaHR0cHM6XC9cL3d3dy5jYXJhY28uaXRcL3dlYlwvd3AtY29udGVudFwvdXBsb2Fkc1wvMjAyMlwvMDRcL1RFT1JJQS1ERUwtQ1JBQ0tFUnQxMC1zY2FsZWQuanBnIiwic2xpZGVzaG93IjoiNmYxOTA3NSJ9\" href='https:\/\/www.caraco.it\/web\/wp-content\/uploads\/2022\/04\/TEORIA-DEL-CRACKERt10-scaled.jpg'><img loading=\"lazy\" decoding=\"async\" width=\"150\" height=\"150\" src=\"https:\/\/www.caraco.it\/web\/wp-content\/uploads\/2022\/04\/TEORIA-DEL-CRACKERt10-150x150.jpg\" class=\"attachment-thumbnail size-thumbnail\" alt=\"\" \/><\/a>\n\t\t\t<\/div><\/figure><figure class='gallery-item'>\n\t\t\t<div class='gallery-icon landscape'>\n\t\t\t\t<a data-elementor-open-lightbox=\"yes\" data-elementor-lightbox-slideshow=\"6f19075\" data-elementor-lightbox-title=\"La teoria del cracker\" data-e-action-hash=\"#elementor-action%3Aaction%3Dlightbox%26settings%3DeyJpZCI6MTkyMSwidXJsIjoiaHR0cHM6XC9cL3d3dy5jYXJhY28uaXRcL3dlYlwvd3AtY29udGVudFwvdXBsb2Fkc1wvMjAyMlwvMDRcLzIwMTgtMDUtMjYuLXRlb3JpYS1kZWwtY3JhY2tlci1QRFQyMDE4LW9jY2hpc3VsbW9uZG8tZm90by1hbmdlbG8tbWFnZ2lvLVAxNDcwMTE1LXNjYWxlZC5qcGciLCJzbGlkZXNob3ciOiI2ZjE5MDc1In0%3D\" href='https:\/\/www.caraco.it\/web\/wp-content\/uploads\/2022\/04\/2018-05-26.-teoria-del-cracker-PDT2018-occhisulmondo-foto-angelo-maggio-P1470115-scaled.jpg'><img loading=\"lazy\" decoding=\"async\" width=\"150\" height=\"150\" src=\"https:\/\/www.caraco.it\/web\/wp-content\/uploads\/2022\/04\/2018-05-26.-teoria-del-cracker-PDT2018-occhisulmondo-foto-angelo-maggio-P1470115-150x150.jpg\" class=\"attachment-thumbnail size-thumbnail\" alt=\"\" \/><\/a>\n\t\t\t<\/div><\/figure><figure class='gallery-item'>\n\t\t\t<div class='gallery-icon landscape'>\n\t\t\t\t<a data-elementor-open-lightbox=\"yes\" data-elementor-lightbox-slideshow=\"6f19075\" data-elementor-lightbox-title=\"La teoria del cracker\" data-e-action-hash=\"#elementor-action%3Aaction%3Dlightbox%26settings%3DeyJpZCI6MTkyMiwidXJsIjoiaHR0cHM6XC9cL3d3dy5jYXJhY28uaXRcL3dlYlwvd3AtY29udGVudFwvdXBsb2Fkc1wvMjAyMlwvMDRcL2ltZy1jcmFja2VyLmpwZyIsInNsaWRlc2hvdyI6IjZmMTkwNzUifQ%3D%3D\" href='https:\/\/www.caraco.it\/web\/wp-content\/uploads\/2022\/04\/img-cracker.jpg'><img loading=\"lazy\" decoding=\"async\" width=\"150\" height=\"150\" src=\"https:\/\/www.caraco.it\/web\/wp-content\/uploads\/2022\/04\/img-cracker-150x150.jpg\" class=\"attachment-thumbnail size-thumbnail\" alt=\"\" \/><\/a>\n\t\t\t<\/div><\/figure><figure class='gallery-item'>\n\t\t\t<div class='gallery-icon landscape'>\n\t\t\t\t<a data-elementor-open-lightbox=\"yes\" data-elementor-lightbox-slideshow=\"6f19075\" data-elementor-lightbox-title=\"La teoria del cracker\" data-e-action-hash=\"#elementor-action%3Aaction%3Dlightbox%26settings%3DeyJpZCI6MTkyMywidXJsIjoiaHR0cHM6XC9cL3d3dy5jYXJhY28uaXRcL3dlYlwvd3AtY29udGVudFwvdXBsb2Fkc1wvMjAyMlwvMDRcL1RFT1JJQS1ERUwtQ1JBQ0tFUjktc2NhbGVkLmpwZyIsInNsaWRlc2hvdyI6IjZmMTkwNzUifQ%3D%3D\" href='https:\/\/www.caraco.it\/web\/wp-content\/uploads\/2022\/04\/TEORIA-DEL-CRACKER9-scaled.jpg'><img loading=\"lazy\" decoding=\"async\" width=\"150\" height=\"150\" src=\"https:\/\/www.caraco.it\/web\/wp-content\/uploads\/2022\/04\/TEORIA-DEL-CRACKER9-150x150.jpg\" class=\"attachment-thumbnail size-thumbnail\" alt=\"\" \/><\/a>\n\t\t\t<\/div><\/figure>\n\t\t<\/div>\n\t\t<\/div>\n\t\t\t\t\t\t<\/div>\n\t\t\t\t<\/div>\n\t\t\t\t\t<\/div>\n\t\t<\/div>\n\t\t\t\t\t<\/div>\n\t\t<\/section>\n\t\t\t\t<\/div>\n\t\t","protected":false},"excerpt":{"rendered":"<p>prosa La teoria del cracker Produzione Occhisulmondo Spettacolo vincitore premio Giuria Popolare Tuttoteatro.com, Dante Cappelletti 2017Debutto nazionale al Festival Primavera dei Teatri XIX edizione Quando mastichiamo un Cracker, il rumore che percepiamo dentro di noi \u00e8 maggiore rispetto al rumore che sentono le persone che ci sono accanto.E cos\u00ec quando proviamo dolore. (Teoria del Cracker) In un piccolo paese di 900 abitanti una donna si ammala. A pochi passi da l\u00ec, una citt\u00e0 situata nel cuore dell\u2019Italia ha come arterie fabbriche e inceneritori. Si producono nuvole grigie. In questo cuore, che batte irregolare, in nove anni si sono ammalati 3736 uomini e 3089 donne. \u201c\u00c8 lu bruttu male\u201d, qualcuno dice in giro.Una storia di nuvole tossiche e di amianto che coinvolge e sconvolge una nazione, un paese, una famiglia. Bisognerebbe, forse, imparare a restare in apnea. Perch\u00e9 respirare non \u00e8 pi\u00f9 cos\u00ec semplice. Ambientato in una provincia italiana, una delle quarantaquattro aree inquinate oltre ogni limite di legge, lo spettacolo scava all\u2019interno di una societ\u00e0 apparentemente silente, per far risuonare le urla nascoste di un\u2019umanit\u00e0 ferita. Immagini ironiche e spietate che, insieme alle parole dell\u2019insolito narratore, raccontano la storia di un paese, dei suoi abitanti e di una donna che, come altr\u01dd, camminava e respirava sotto un cielo ricoperto da nuvole grigie. La Teoria del cracker \u00e8 un pugno stretto pieno di rabbia e poesia che, con violenta intensit\u00e0, sbriciola tutto, lasciando tracce di un inno di-sperato alla vita. conDaniele Aureli primo spettatoreMassimiliano Burini dramaturgGiusi De Santis assistenza alla regiaAmedeo Carlo CapitanelliMatteo Svolacchia cura del suonoNicola \u201cFumo\u201d Frattegiani drammaturgia e regia teatraleDaniele Aureli producerElena Marinelli con il sostegno diFontemaggiore &#8211; Centro di produzioneCorsia Of &#8211; Centro di CreazioneSpazio Zut FolignoTeatro Thesorieri di CannaraCentro Danza Perugia \u00a0<\/p>\n","protected":false},"author":1,"featured_media":0,"parent":426,"menu_order":40,"comment_status":"closed","ping_status":"closed","template":"","meta":{"footnotes":"","_links_to":"","_links_to_target":""},"class_list":["post-1913","page","type-page","status-publish","hentry"],"blocksy_meta":{"styles_descriptor":{"styles":{"desktop":"","tablet":"","mobile":""},"google_fonts":[],"version":6},"page_title_panel":"","has_hero_section":"disabled","1681c340680a4c4c8fc3d02e4fb2e644":"","hero_section":"type-1","hero_elements":[{"id":"custom_title","enabled":true,"heading_tag":"h1","title":"Home"},{"id":"custom_description","enabled":true,"description_visibility":{"desktop":true,"tablet":true,"mobile":false}},{"id":"custom_meta","enabled":false,"meta_elements":[{"id":"author","enabled":true,"label":"By","has_author_avatar":"yes","avatar_size":25},{"id":"post_date","enabled":true,"label":"On","date_format_source":"default","date_format":"M j, Y"},{"id":"updated_date","enabled":false,"label":"On","date_format_source":"default","date_format":"M j, Y"},{"id":"categories","enabled":false,"label":"In","style":"simple"},{"id":"comments","enabled":true}],"page_meta_elements":{"joined":true,"articles_count":true,"comments":true}},{"id":"breadcrumbs","enabled":false}],"4284a362741d51228b8076c957de7abd":"","hero_alignment1":"CT_CSS_SKIP_RULE","hero_margin":40,"hero_alignment2":"center","hero_vertical_alignment":"center","eaf41e55ca70da2b572d08f0da3bbde0":"","hero_structure":"narrow","c277440919eb49219a39a4fc82508c91":"","page_title_bg_type":"featured_image","custom_hero_background":{"attachment_id":null},"page_title_image_size":"full","parallax":{"desktop":false,"tablet":false,"mobile":false},"286bfbb8bbebcc3d18c6e2927384a462":"","hero_height":"250px","pageTitleFont":{"family":"Default","variation":"Default","size":"30px","line-height":"CT_CSS_SKIP_RULE","letter-spacing":"CT_CSS_SKIP_RULE","text-transform":"CT_CSS_SKIP_RULE","text-decoration":"CT_CSS_SKIP_RULE"},"pageTitleFontColor":{"default":{"color":"CT_CSS_SKIP_RULEDEFAULT"}},"pageMetaFont":{"family":"Default","variation":"n6","size":"12px","line-height":"1.3","letter-spacing":"CT_CSS_SKIP_RULE","text-transform":"uppercase","text-decoration":"CT_CSS_SKIP_RULE"},"pageMetaFontColor":{"default":{"color":"CT_CSS_SKIP_RULEDEFAULT"},"hover":{"color":"CT_CSS_SKIP_RULEDEFAULT"}},"page_meta_button_type_font_colors":{"default":{"color":"CT_CSS_SKIP_RULEDEFAULT"},"hover":{"color":"CT_CSS_SKIP_RULEDEFAULT"}},"page_meta_button_type_background_colors":{"default":{"color":"CT_CSS_SKIP_RULEDEFAULT"},"hover":{"color":"CT_CSS_SKIP_RULEDEFAULT"}},"pageExcerptFont":{"family":"Default","variation":"Default","size":"CT_CSS_SKIP_RULE","line-height":"CT_CSS_SKIP_RULE","letter-spacing":"CT_CSS_SKIP_RULE","text-transform":"CT_CSS_SKIP_RULE","text-decoration":"CT_CSS_SKIP_RULE"},"pageExcerptColor":{"default":{"color":"CT_CSS_SKIP_RULEDEFAULT"}},"breadcrumbsFont":{"family":"Default","variation":"Default","size":"CT_CSS_SKIP_RULE","line-height":"CT_CSS_SKIP_RULE","letter-spacing":"CT_CSS_SKIP_RULE","text-transform":"CT_CSS_SKIP_RULE","text-decoration":"CT_CSS_SKIP_RULE"},"breadcrumbsFontColor":{"default":{"color":"CT_CSS_SKIP_RULEDEFAULT"},"initial":{"color":"CT_CSS_SKIP_RULEDEFAULT"},"hover":{"color":"CT_CSS_SKIP_RULEDEFAULT"}},"pageTitleOverlay":{"background_type":"color","background_pattern":"type-1","background_image":{"attachment_id":null,"x":0,"y":0},"gradient":"linear-gradient(135deg,rgba(6,147,227,1) 0%,rgb(155,81,224) 100%)","background_repeat":"repeat","background_size":"auto","background_attachment":"scroll","patternColor":{"default":{"color":"#e5e7ea"}},"overlayColor":{"default":{"color":"CT_CSS_SKIP_RULE"}},"backgroundColor":{"default":{"color":"CT_CSS_SKIP_RULE"}}},"pageTitleBackground":{"background_type":"color","background_pattern":"type-1","background_image":{"attachment_id":null,"x":0,"y":0},"gradient":"linear-gradient(135deg,rgba(6,147,227,1) 0%,rgb(155,81,224) 100%)","background_repeat":"repeat","background_size":"auto","background_attachment":"scroll","patternColor":{"default":{"color":"#e5e7ea"}},"overlayColor":{"default":{"color":"CT_CSS_SKIP_RULE"}},"backgroundColor":{"default":{"color":"var(--theme-palette-color-6)"}}},"pageTitlePadding":{"top":"50px","bottom":"50px","left":"auto","right":"auto","linked":true},"b0584ccf8cc3e374bd8cb00d41c20ba9":"","page_structure_type":"default","357f414315fc15e60457e9105d96d0f7":"","content_style_source":"inherit","content_style":"wide","vertical_spacing_source":"inherit","content_area_spacing":"both","background":{"background_type":"color","background_pattern":"type-1","background_image":{"attachment_id":null,"x":0,"y":0},"gradient":"linear-gradient(135deg,rgba(6,147,227,1) 0%,rgb(155,81,224) 100%)","background_repeat":"repeat","background_size":"auto","background_attachment":"scroll","patternColor":{"default":{"color":"#e5e7ea"}},"overlayColor":{"default":{"color":"CT_CSS_SKIP_RULE"}},"backgroundColor":{"default":{"color":"CT_CSS_SKIP_RULE"}}},"content_background":{"background_type":"color","background_pattern":"type-1","background_image":{"attachment_id":null,"x":0,"y":0},"gradient":"linear-gradient(135deg,rgba(6,147,227,1) 0%,rgb(155,81,224) 100%)","background_repeat":"repeat","background_size":"auto","background_attachment":"scroll","patternColor":{"default":{"color":"#e5e7ea"}},"overlayColor":{"default":{"color":"CT_CSS_SKIP_RULE"}},"backgroundColor":{"default":{"color":"var(--theme-palette-color-8)"}}},"content_boxed_shadow":{"inherit":false,"blur":18,"spread":-6,"v_offset":12,"h_offset":0,"inset":false,"enable":true,"color":{"color":"rgba(34, 56, 101, 0.04)"}},"boxed_content_spacing":{"desktop":{"top":"40px","bottom":"40px","left":"40px","right":"40px","linked":true},"tablet":{"top":"35px","bottom":"35px","left":"35px","right":"35px","linked":true},"mobile":{"top":"20px","bottom":"20px","left":"20px","right":"20px","linked":true}},"content_boxed_radius":{"top":"3px","bottom":"3px","left":"3px","right":"3px","linked":true},"c734e975a45e3a856990e7fff8146834":"","disable_featured_image":"no","disable_share_box":"no","disable_header":"no","disable_footer":"no"},"aioseo_notices":[],"_links":{"self":[{"href":"https:\/\/www.caraco.it\/web\/wp-json\/wp\/v2\/pages\/1913","targetHints":{"allow":["GET"]}}],"collection":[{"href":"https:\/\/www.caraco.it\/web\/wp-json\/wp\/v2\/pages"}],"about":[{"href":"https:\/\/www.caraco.it\/web\/wp-json\/wp\/v2\/types\/page"}],"author":[{"embeddable":true,"href":"https:\/\/www.caraco.it\/web\/wp-json\/wp\/v2\/users\/1"}],"replies":[{"embeddable":true,"href":"https:\/\/www.caraco.it\/web\/wp-json\/wp\/v2\/comments?post=1913"}],"version-history":[{"count":40,"href":"https:\/\/www.caraco.it\/web\/wp-json\/wp\/v2\/pages\/1913\/revisions"}],"predecessor-version":[{"id":2218,"href":"https:\/\/www.caraco.it\/web\/wp-json\/wp\/v2\/pages\/1913\/revisions\/2218"}],"up":[{"embeddable":true,"href":"https:\/\/www.caraco.it\/web\/wp-json\/wp\/v2\/pages\/426"}],"wp:attachment":[{"href":"https:\/\/www.caraco.it\/web\/wp-json\/wp\/v2\/media?parent=1913"}],"curies":[{"name":"wp","href":"https:\/\/api.w.org\/{rel}","templated":true}]}}